{"id":561,"date":"2025-06-26T20:58:48","date_gmt":"2025-06-26T20:58:48","guid":{"rendered":"https:\/\/startersites.io\/stagingfour\/?page_id=561"},"modified":"2025-10-06T16:07:56","modified_gmt":"2025-10-06T16:07:56","slug":"contact","status":"publish","type":"page","link":"https:\/\/nuvora.ch\/en\/contact\/","title":{"rendered":"Contact us"},"content":{"rendered":"\n<div class=\"wp-block-stackable-columns alignfull stk-block-columns stk-block stk-51b2b12 stk-block-background stk--has-background-overlay\" data-block-id=\"51b2b12\"><style>.stk-51b2b12 .stk--block-align-51b2b12{align-items:stretch !important;}.stk-51b2b12 {background-color:linear-gradient(15deg, #13547a 0%, #80d0c7 100%) !important;background-image:url(https:\/\/nuvora.ch\/wp-content\/uploads\/2025\/09\/gradient-aquamarine-shine-rough-abstract-background-design.jpg) !important;background-position:center center !important;background-repeat:no-repeat !important;background-size:cover !important;padding-top:500px !important;padding-bottom:500px !important;margin-bottom:0px !important;}.stk-51b2b12:before{opacity:0.8 !important;mix-blend-mode:multiply !important;background-image:linear-gradient(15deg, #13547a 0%, #80d0c7 100%) !important;}.stk-51b2b12-column{--stk-column-gap:35px !important;}@media screen and (max-width:999px){.stk-51b2b12 {padding-top:300px !important;padding-bottom:300px !important;}}@media screen and (max-width:689px){.stk-51b2b12 {padding-top:300px !important;padding-bottom:300px !important;}}<\/style><div class=\"stk-row stk-inner-blocks stk--block-align-51b2b12 stk-block-content stk-content-align stk-51b2b12-column\">\n<div class=\"wp-block-stackable-column stk-block-column stk-column stk-block stk-3a43e6b\" data-v=\"4\" data-block-id=\"3a43e6b\"><style>.stk-3a43e6b-container{margin-top:0px !important;margin-right:0px !important;margin-bottom:0px !important;margin-left:0px !important;}@media screen and (min-width:690px){.stk-3a43e6b {flex:var(--stk-flex-grow, 1) 1 calc(45% - var(--stk-column-gap, 0px) * 1 \/ 2 ) !important;}}@media screen and (min-width:690px) and (max-width:999px){.stk-3a43e6b {flex:var(--stk-flex-grow, 1) 1 calc(100% - var(--stk-column-gap, 0px) * 0 \/ 1 ) !important;}}<\/style><div class=\"stk-column-wrapper stk-block-column__content stk-container stk-3a43e6b-container stk--no-background stk--no-padding\"><div class=\"has-text-align-center-tablet stk-block-content stk-inner-blocks stk-3a43e6b-inner-blocks\">\n<div class=\"wp-block-stackable-text stk-block-text stk-block stk-3bad419\" data-block-id=\"3bad419\"><style>.stk-3bad419 {margin-bottom:8px !important;}.stk-3bad419 .stk-block-text__text{color:var(--theme-palette-color-8, #ffffff) !important;font-weight:bold !important;}<\/style><p class=\"stk-block-text__text has-text-color\"><\/p><\/div>\n\n\n\n<div class=\"wp-block-stackable-heading stk-block-heading stk-block-heading--v2 stk-block stk-7225c59\" id=\"wir-sind-fur-sie-da\" data-block-id=\"7225c59\"><style>.stk-7225c59 {margin-bottom:10px !important;}.stk-7225c59 .stk-block-heading__text{color:var(--theme-palette-color-8, #ffffff) !important;line-height:1.3em !important;font-weight:800 !important;}@media screen and (max-width:999px){.stk-7225c59 .stk-block-heading__text{font-size:40px !important;}}@media screen and (max-width:689px){.stk-7225c59 .stk-block-heading__text{font-size:30px !important;}}<\/style><h1 class=\"stk-block-heading__text has-text-color\">Wir sind f\u00fcr sie da.<\/h1><\/div>\n\n\n\n<div class=\"wp-block-stackable-text stk-block-text stk-block stk-81505a5\" data-block-id=\"81505a5\"><style>.stk-81505a5 .stk-block-text__text{color:var(--theme-palette-color-8, #ffffff) !important;}<\/style><p class=\"stk-block-text__text has-text-color\">Gemeinsam finden wir die passende L\u00f6sung f\u00fcr ihr Umfeld<\/p><\/div>\n<\/div><\/div><\/div>\n\n\n\n<div class=\"wp-block-stackable-column stk-block-column stk-column stk-block stk-0e2597c\" data-v=\"4\" data-block-id=\"0e2597c\"><style>.stk-0e2597c-container{margin-top:0px !important;margin-right:0px !important;margin-bottom:0px !important;margin-left:0px !important;}@media screen and (min-width:690px){.stk-0e2597c {flex:var(--stk-flex-grow, 1) 1 calc(55% - var(--stk-column-gap, 0px) * 1 \/ 2 ) !important;}}@media screen and (min-width:690px) and (max-width:999px){.stk-0e2597c {flex:var(--stk-flex-grow, 1) 1 calc(100% - var(--stk-column-gap, 0px) * 0 \/ 1 ) !important;}}<\/style><div class=\"stk-column-wrapper stk-block-column__content stk-container stk-0e2597c-container stk--no-background stk--no-padding\"><div class=\"stk-block-content stk-inner-blocks stk-0e2597c-inner-blocks\"><\/div><\/div><\/div>\n<\/div><\/div>\n\n\n\n<div class=\"wp-block-stackable-columns alignfull stk-block-columns stk-block stk-9591f6a stk-block-background\" data-block-id=\"9591f6a\"><style>.stk-9591f6a .stk--block-align-9591f6a{align-items:flex-start !important;}.stk-9591f6a {background-color:var(--theme-palette-color-7, #FBFBFC) !important;align-items:flex-start !important;margin-top:0px !important;margin-bottom:0px !important;display:flex !important;}.stk-9591f6a:before{background-color:var(--theme-palette-color-7, #FBFBFC) !important;}.stk-9591f6a-column{--stk-column-gap:50px !important;row-gap:50px !important;}<\/style><div class=\"stk-row stk-inner-blocks stk--block-align-9591f6a stk-block-content stk-content-align stk-9591f6a-column\">\n<div class=\"wp-block-stackable-column stk-block-column stk-column stk-block stk-02b8092\" data-v=\"4\" data-block-id=\"02b8092\"><style>.stk-02b8092-container{margin-top:0px !important;margin-right:0px !important;margin-bottom:0px !important;margin-left:0px !important;}.stk-02b8092 {margin-top:200px !important;margin-bottom:200px !important;}@media screen and (min-width:690px){.stk-02b8092 {flex:var(--stk-flex-grow, 1) 1 calc(28.1% - var(--stk-column-gap, 0px) * 1 \/ 2 ) !important;}}@media screen and (min-width:690px) and (max-width:999px){.stk-02b8092 {flex:var(--stk-flex-grow, 1) 1 calc(100% - var(--stk-column-gap, 0px) * 0 \/ 1 ) !important;}}@media screen and (max-width:999px){.stk-02b8092 {align-self:center !important;margin-top:100px !important;margin-bottom:0px !important;}.stk-02b8092-container{max-width:281vw !important;min-width:auto !important;margin-right:auto !important;margin-left:auto !important;}}@media screen and (max-width:689px){.stk-02b8092 {align-self:center !important;margin-top:50px !important;}}<\/style><div class=\"stk-column-wrapper stk-block-column__content stk-container stk-02b8092-container stk--no-background stk--no-padding\"><div class=\"has-text-align-center-tablet has-text-align-center-mobile stk-block-content stk-inner-blocks stk-02b8092-inner-blocks\">\n<div class=\"wp-block-stackable-image stk-block-image has-text-align-center has-text-align-center-tablet stk-block stk-9bbe043\" data-block-id=\"9bbe043\"><style>.stk-9bbe043 {margin-bottom:9px !important;}.stk-9bbe043 .stk-img-wrapper{width:338px !important;height:338px !important;--stk-gradient-overlay:0.3 !important;}.stk-9bbe043 .stk-img-wrapper img{transform:scale(1) !important;border-radius:0px !important;object-position:57.99999999999999% 25% !important;}.stk-9bbe043 .stk-img-wrapper img, .stk-9bbe043 .stk-img-wrapper::after, .stk-9bbe043 .stk-img-wrapper::before{mask-image:url('data:image\/svg+xml;base64,PHN2ZyB4bWxucz0iaHR0cDovL3d3dy53My5vcmcvMjAwMC9zdmciIHZpZXdCb3g9IjAgMCAxMDAgMTAwIiBwcmVzZXJ2ZUFzcGVjdFJhdGlvPSJub25lIj48Y2lyY2xlIGN4PSI1MCIgY3k9IjUwIiByPSI1MCI+PC9jaXJjbGU+PC9zdmc+') !important;-webkit-mask-image:url('data:image\/svg+xml;base64,PHN2ZyB4bWxucz0iaHR0cDovL3d3dy53My5vcmcvMjAwMC9zdmciIHZpZXdCb3g9IjAgMCAxMDAgMTAwIiBwcmVzZXJ2ZUFzcGVjdFJhdGlvPSJub25lIj48Y2lyY2xlIGN4PSI1MCIgY3k9IjUwIiByPSI1MCI+PC9jaXJjbGU+PC9zdmc+') !important;}.stk-9bbe043 .stk-img-wrapper::after{background-color:var(--theme-palette-color-3, #00727D) !important;}.stk-9bbe043 .stk-img-wrapper::after, .stk-9bbe043 .stk-img-wrapper::before{mix-blend-mode:soft-light !important;}@media screen and (max-width:999px){.stk-9bbe043 .stk-img-wrapper{width:338px !important;}}@media screen and (max-width:689px){.stk-9bbe043 .stk-img-wrapper{width:230px !important;height:230px !important;}}<\/style><figure><span class=\"stk-img-wrapper stk-img--shape stk-image--shape-stretch\"><img loading=\"lazy\" decoding=\"async\" class=\"stk-img wp-image-1403\" src=\"https:\/\/nuvora.ch\/wp-content\/uploads\/2025\/09\/Nuvora-founder-Alexander-Huser-scaled.png\" width=\"1707\" height=\"2560\" srcset=\"https:\/\/nuvora.ch\/wp-content\/uploads\/2025\/09\/Nuvora-founder-Alexander-Huser-scaled.png 1707w, https:\/\/nuvora.ch\/wp-content\/uploads\/2025\/09\/Nuvora-founder-Alexander-Huser-200x300.png 200w, https:\/\/nuvora.ch\/wp-content\/uploads\/2025\/09\/Nuvora-founder-Alexander-Huser-683x1024.png 683w, https:\/\/nuvora.ch\/wp-content\/uploads\/2025\/09\/Nuvora-founder-Alexander-Huser-768x1152.png 768w, https:\/\/nuvora.ch\/wp-content\/uploads\/2025\/09\/Nuvora-founder-Alexander-Huser-1024x1536.png 1024w, https:\/\/nuvora.ch\/wp-content\/uploads\/2025\/09\/Nuvora-founder-Alexander-Huser-1365x2048.png 1365w, https:\/\/nuvora.ch\/wp-content\/uploads\/2025\/09\/Nuvora-founder-Alexander-Huser-8x12.png 8w\" sizes=\"auto, (max-width: 1707px) 100vw, 1707px\" \/><\/span><\/figure><\/div>\n\n\n\n<div class=\"wp-block-stackable-text stk-block-text stk-block stk-aa15ac5\" data-block-id=\"aa15ac5\"><p class=\"stk-block-text__text has-text-align-center has-text-align-center-tablet\"><span style=\"color: var(--theme-palette-color-1, #00A1B0);\" class=\"stk-highlight\">Alexander Huser<\/span><\/p><\/div>\n<\/div><\/div><\/div>\n\n\n\n<div class=\"wp-block-stackable-column stk-block-column stk-column stk-block stk-668ed4a stk-block-background\" data-v=\"4\" data-block-id=\"668ed4a\"><style>.stk-668ed4a {background-color:#ffffff !important;margin-top:200px !important;margin-bottom:200px !important;}.stk-668ed4a:before{background-color:#ffffff !important;}@media screen and (min-width:690px){.stk-668ed4a {flex:var(--stk-flex-grow, 1) 1 calc(71.9% - var(--stk-column-gap, 0px) * 1 \/ 2 ) !important;}}@media screen and (min-width:690px) and (max-width:999px){.stk-668ed4a {flex:var(--stk-flex-grow, 1) 1 calc(100% - var(--stk-column-gap, 0px) * 0 \/ 1 ) !important;}}@media screen and (max-width:999px){.stk-668ed4a {margin-top:0px !important;margin-bottom:0px !important;}}@media screen and (max-width:689px){.stk-668ed4a {margin-bottom:50px !important;}}<\/style><div class=\"stk-column-wrapper stk-block-column__content stk-container stk-668ed4a-container stk--no-background stk--no-padding\"><div class=\"has-text-align-left-tablet stk-block-content stk-inner-blocks stk-668ed4a-inner-blocks\"><div class='fluentform ff-inherit-theme-style fluentform_wrapper_1  ff_guten_block ff_guten_block-1'><form data-form_id=\"1\" id=\"fluentform_1\" class=\"frm-fluent-form fluent_form_1 ff-el-form-top ff_form_instance_1_1 ff-form-loading ffs_inherit_theme\" data-form_instance=\"ff_form_instance_1_1\" method=\"POST\" ><fieldset  style=\"border: none!important;margin: 0!important;padding: 0!important;background-color: transparent!important;box-shadow: none!important;outline: none!important; min-inline-size: 100%;\">\n                    <legend class=\"ff_screen_reader_title\" style=\"display: block; margin: 0!important;padding: 0!important;height: 0!important;text-indent: -999999px;width: 0!important;overflow:hidden;\">Kontaktformular<\/legend><input type='hidden' name='__fluent_form_embded_post_id' value='561' \/><input type=\"hidden\" id=\"_fluentform_1_fluentformnonce\" name=\"_fluentform_1_fluentformnonce\" value=\"fcf3037d60\" \/><input type=\"hidden\" name=\"_wp_http_referer\" value=\"\/en\/wp-json\/wp\/v2\/pages\/561\" \/><div data-type=\"name-element\" data-name=\"names\" class=\" ff-field_container ff-name-field-wrapper\" ><div class='ff-t-container'><div class='ff-t-cell '><div class='ff-el-group'><div class=\"ff-el-input--label asterisk-right\"><label for='ff_1_names_first_name_' id='label_ff_1_names_first_name_' >Vorname<\/label><\/div><div class='ff-el-input--content'><input type=\"text\" name=\"names[first_name]\" id=\"ff_1_names_first_name_\" class=\"ff-el-form-control\" placeholder=\"Vorname\" aria-invalid=\"false\" aria-required=false><\/div><\/div><\/div><div class='ff-t-cell '><div class='ff-el-group'><div class=\"ff-el-input--label asterisk-right\"><label for='ff_1_names_last_name_' id='label_ff_1_names_last_name_' >Nachname<\/label><\/div><div class='ff-el-input--content'><input type=\"text\" name=\"names[last_name]\" id=\"ff_1_names_last_name_\" class=\"ff-el-form-control\" placeholder=\"Nachname\" aria-invalid=\"false\" aria-required=false><\/div><\/div><\/div><\/div><\/div><div class='ff-el-group'><div class=\"ff-el-input--label ff-el-is-required asterisk-right\"><label for='ff_1_email' id='label_ff_1_email' aria-label=\"Email\">Email<\/label><\/div><div class='ff-el-input--content'><input type=\"email\" name=\"email\" id=\"ff_1_email\" class=\"ff-el-form-control\" placeholder=\"Email Adresse\" data-name=\"email\"  aria-invalid=\"false\" aria-required=true><\/div><\/div><div class='ff-el-group'><div class=\"ff-el-input--label asterisk-right\"><label for='ff_1_subject' id='label_ff_1_subject' aria-label=\"Betreff\">Betreff<\/label><\/div><div class='ff-el-input--content'><input type=\"text\" name=\"subject\" class=\"ff-el-form-control\" placeholder=\"Betreff\" data-name=\"subject\" id=\"ff_1_subject\"  aria-invalid=\"false\" aria-required=false><\/div><\/div><div class='ff-el-group'><div class=\"ff-el-input--label ff-el-is-required asterisk-right\"><label for='ff_1_message' id='label_ff_1_message' aria-label=\"Deine Nachricht\">Deine Nachricht<\/label><\/div><div class='ff-el-input--content'><textarea aria-required=\"true\" aria-labelledby=\"label_ff_1_message\" name=\"message\" id=\"ff_1_message\" class=\"ff-el-form-control\" placeholder=\"Deine Nachricht\" rows=\"4\" cols=\"2\" data-name=\"message\" ><\/textarea><\/div><\/div><div class='ff-el-group ff-text-left ff_submit_btn_wrapper'><button type=\"submit\" class=\"ff-btn ff-btn-submit ff-btn-md ff_btn_no_style\"  aria-label=\"Senden\">Senden<\/button><\/div><\/fieldset><\/form><div id='fluentform_1_errors' class='ff-errors-in-stack ff_form_instance_1_1 ff-form-loading_errors ff_form_instance_1_1_errors'><\/div><\/div>            <script type=\"text\/javascript\">\n                window.fluent_form_ff_form_instance_1_1 = {\"id\":\"1\",\"ajaxUrl\":\"https:\\\/\\\/nuvora.ch\\\/wp-admin\\\/admin-ajax.php\",\"settings\":{\"layout\":{\"labelPlacement\":\"top\",\"helpMessagePlacement\":\"with_label\",\"errorMessagePlacement\":\"inline\",\"cssClassName\":\"\",\"asteriskPlacement\":\"asterisk-right\"},\"restrictions\":{\"denyEmptySubmission\":{\"enabled\":false}}},\"form_instance\":\"ff_form_instance_1_1\",\"form_id_selector\":\"fluentform_1\",\"rules\":{\"names[first_name]\":{\"required\":{\"value\":false,\"message\":\"This field is required\",\"global\":false,\"global_message\":\"Dieses Feld ist erforderlich\"}},\"names[middle_name]\":{\"required\":{\"value\":false,\"message\":\"This field is required\",\"global\":false,\"global_message\":\"Dieses Feld ist erforderlich\"}},\"names[last_name]\":{\"required\":{\"value\":false,\"message\":\"This field is required\",\"global\":false,\"global_message\":\"Dieses Feld ist erforderlich\"}},\"email\":{\"required\":{\"value\":true,\"message\":\"Dieses Feld ist erforderlich\",\"global\":false,\"global_message\":\"Dieses Feld ist erforderlich\"},\"email\":{\"value\":true,\"message\":\"Dieses Feld muss eine g\\u00fcltige E-Mail enthalten\",\"global\":false,\"global_message\":\"Dieses Feld muss eine g\\u00fcltige E-Mail-Adresse enthalten\"}},\"subject\":{\"required\":{\"value\":false,\"message\":\"This field is required\",\"global\":false,\"global_message\":\"Dieses Feld ist erforderlich\"}},\"message\":{\"required\":{\"value\":true,\"message\":\"Dieses Feld ist erforderlich\",\"global\":false,\"global_message\":\"Dieses Feld ist erforderlich\"}}},\"debounce_time\":300};\n                            <\/script>\n            <\/div><\/div><\/div>\n<\/div><\/div>\n","protected":false},"excerpt":{"rendered":"<p>Wir sind f\u00fcr sie da. Gemeinsam finden wir die passende L\u00f6sung f\u00fcr ihr Umfeld Alexander Huser<\/p>","protected":false},"author":1,"featured_media":0,"parent":0,"menu_order":0,"comment_status":"closed","ping_status":"closed","template":"","meta":{"footnotes":""},"class_list":["post-561","page","type-page","status-publish","hentry"],"blocksy_meta":{"page_title_panel":"","has_hero_section":"disabled","25b2b4defa9e5958955601886b88cd66":"","hero_section":"type-1","hero_elements":[{"id":"custom_title","enabled":true,"heading_tag":"h1","title":"Home"},{"id":"custom_description","enabled":true,"description_visibility":{"desktop":true,"tablet":true,"mobile":false}},{"id":"custom_meta","enabled":false,"meta_elements":[{"id":"author","enabled":true,"label":"By","has_author_avatar":"yes","avatar_size":25},{"id":"post_date","enabled":true,"label":"On","date_format_source":"default","date_format":"M j, Y"},{"id":"updated_date","enabled":false,"label":"On","date_format_source":"default","date_format":"M j, Y"},{"id":"categories","enabled":false,"label":"In","style":"simple"},{"id":"comments","enabled":true}],"page_meta_elements":{"joined":true,"articles_count":true,"comments":true}},{"id":"breadcrumbs","enabled":false}],"7fc694c1e77368852a20b6cfa8cb6e51":"","hero_alignment1":"CT_CSS_SKIP_RULE","hero_margin":40,"hero_alignment2":"center","hero_vertical_alignment":"center","14bc9a7319c82c3f8bbebfcfe8fa8745":"","hero_structure":"narrow","22eed9c0e701144b856bb0ac4cb11f8f":"","page_title_bg_type":"featured_image","custom_hero_background":{"attachment_id":null},"page_title_image_size":"full","parallax":{"desktop":false,"tablet":false,"mobile":false},"7b65d9088366ac3d796b84bf1ccb69a8":"","hero_height":"250px","pageTitleFont":{"family":"Default","variation":"Default","size":"30px","line-height":"CT_CSS_SKIP_RULE","letter-spacing":"CT_CSS_SKIP_RULE","text-transform":"CT_CSS_SKIP_RULE","text-decoration":"CT_CSS_SKIP_RULE"},"pageTitleFontColor":{"default":{"color":"CT_CSS_SKIP_RULEDEFAULT"}},"pageMetaFont":{"family":"Default","variation":"n6","size":"12px","line-height":"1.3","letter-spacing":"CT_CSS_SKIP_RULE","text-transform":"uppercase","text-decoration":"CT_CSS_SKIP_RULE"},"pageMetaFontColor":{"default":{"color":"CT_CSS_SKIP_RULEDEFAULT"},"hover":{"color":"CT_CSS_SKIP_RULEDEFAULT"}},"page_meta_button_type_font_colors":{"default":{"color":"CT_CSS_SKIP_RULEDEFAULT"},"hover":{"color":"CT_CSS_SKIP_RULEDEFAULT"}},"page_meta_button_type_background_colors":{"default":{"color":"CT_CSS_SKIP_RULEDEFAULT"},"hover":{"color":"CT_CSS_SKIP_RULEDEFAULT"}},"pageExcerptFont":{"family":"Default","variation":"Default","size":"CT_CSS_SKIP_RULE","line-height":"CT_CSS_SKIP_RULE","letter-spacing":"CT_CSS_SKIP_RULE","text-transform":"CT_CSS_SKIP_RULE","text-decoration":"CT_CSS_SKIP_RULE"},"pageExcerptColor":{"default":{"color":"CT_CSS_SKIP_RULEDEFAULT"}},"breadcrumbsFont":{"family":"Default","variation":"Default","size":"CT_CSS_SKIP_RULE","line-height":"CT_CSS_SKIP_RULE","letter-spacing":"CT_CSS_SKIP_RULE","text-transform":"CT_CSS_SKIP_RULE","text-decoration":"CT_CSS_SKIP_RULE"},"breadcrumbsFontColor":{"default":{"color":"CT_CSS_SKIP_RULEDEFAULT"},"initial":{"color":"CT_CSS_SKIP_RULEDEFAULT"},"hover":{"color":"CT_CSS_SKIP_RULEDEFAULT"}},"pageTitleOverlay":{"background_type":"color","background_pattern":"type-1","background_image":{"attachment_id":null,"x":0,"y":0},"gradient":"linear-gradient(135deg,rgba(6,147,227,1) 0%,rgb(155,81,224) 100%)","background_repeat":"repeat","background_size":"auto","background_attachment":"scroll","patternColor":{"default":{"color":"#e5e7ea"}},"overlayColor":{"default":{"color":"CT_CSS_SKIP_RULE"}},"backgroundColor":{"default":{"color":"CT_CSS_SKIP_RULE"}}},"pageTitleBackground":{"background_type":"color","background_pattern":"type-1","background_image":{"attachment_id":null,"x":0,"y":0},"gradient":"linear-gradient(135deg,rgba(6,147,227,1) 0%,rgb(155,81,224) 100%)","background_repeat":"repeat","background_size":"auto","background_attachment":"scroll","patternColor":{"default":{"color":"#e5e7ea"}},"overlayColor":{"default":{"color":"CT_CSS_SKIP_RULE"}},"backgroundColor":{"default":{"color":"var(--theme-palette-color-6)"}}},"pageTitlePadding":{"top":"50px","bottom":"50px","left":"auto","right":"auto","linked":true},"e91887772d6e3cce3ac54ea12eaad70d":"","page_structure_type":"default","92ac8d6ea476c9002a2bdc3ebe15676b":"","content_style_source":"inherit","content_style":"wide","vertical_spacing_source":"custom","content_area_spacing":"none","background":{"background_type":"color","background_pattern":"type-1","background_image":{"attachment_id":null,"x":0,"y":0},"gradient":"linear-gradient(135deg,rgba(6,147,227,1) 0%,rgb(155,81,224) 100%)","background_repeat":"repeat","background_size":"auto","background_attachment":"scroll","patternColor":{"default":{"color":"#e5e7ea"}},"overlayColor":{"default":{"color":"CT_CSS_SKIP_RULE"}},"backgroundColor":{"default":{"color":"CT_CSS_SKIP_RULE"}}},"content_background":{"background_type":"color","background_pattern":"type-1","background_image":{"attachment_id":null,"x":0,"y":0},"gradient":"linear-gradient(135deg,rgba(6,147,227,1) 0%,rgb(155,81,224) 100%)","background_repeat":"repeat","background_size":"auto","background_attachment":"scroll","patternColor":{"default":{"color":"#e5e7ea"}},"overlayColor":{"default":{"color":"CT_CSS_SKIP_RULE"}},"backgroundColor":{"default":{"color":"var(--theme-palette-color-8)"}}},"content_boxed_shadow":{"inherit":false,"blur":18,"spread":-6,"v_offset":12,"h_offset":0,"inset":false,"enable":true,"color":{"color":"rgba(34, 56, 101, 0.04)"}},"content_boxed_border":{"width":1,"style":"none","color":{"color":"rgba(44,62,80,0.2)"}},"content_boxed_radius":{"top":"3px","bottom":"3px","left":"3px","right":"3px","linked":true},"boxed_content_spacing":{"desktop":{"top":"40px","bottom":"40px","left":"40px","right":"40px","linked":true},"tablet":{"top":"35px","bottom":"35px","left":"35px","right":"35px","linked":true},"mobile":{"top":"20px","bottom":"20px","left":"20px","right":"20px","linked":true}},"ecddc87e3a3c2a763c315647db2963c3":"","disable_featured_image":"no","disable_share_box":"no","disable_header":"no","disable_footer":"no","styles_descriptor":{"styles":{"desktop":"","tablet":"","mobile":""},"google_fonts":[],"version":6}},"_links":{"self":[{"href":"https:\/\/nuvora.ch\/en\/wp-json\/wp\/v2\/pages\/561","targetHints":{"allow":["GET"]}}],"collection":[{"href":"https:\/\/nuvora.ch\/en\/wp-json\/wp\/v2\/pages"}],"about":[{"href":"https:\/\/nuvora.ch\/en\/wp-json\/wp\/v2\/types\/page"}],"author":[{"embeddable":true,"href":"https:\/\/nuvora.ch\/en\/wp-json\/wp\/v2\/users\/1"}],"replies":[{"embeddable":true,"href":"https:\/\/nuvora.ch\/en\/wp-json\/wp\/v2\/comments?post=561"}],"version-history":[{"count":47,"href":"https:\/\/nuvora.ch\/en\/wp-json\/wp\/v2\/pages\/561\/revisions"}],"predecessor-version":[{"id":1597,"href":"https:\/\/nuvora.ch\/en\/wp-json\/wp\/v2\/pages\/561\/revisions\/1597"}],"wp:attachment":[{"href":"https:\/\/nuvora.ch\/en\/wp-json\/wp\/v2\/media?parent=561"}],"curies":[{"name":"wp","href":"https:\/\/api.w.org\/{rel}","templated":true}]}}